{"id":257,"date":"2025-08-13T15:49:13","date_gmt":"2025-08-13T13:49:13","guid":{"rendered":"https:\/\/barbarabakery.com\/?page_id=257"},"modified":"2025-09-12T19:13:09","modified_gmt":"2025-09-12T17:13:09","slug":"wholesale","status":"publish","type":"page","link":"https:\/\/barbarabakery.com\/index.php\/wholesale\/","title":{"rendered":"WHOLESALE"},"content":{"rendered":"\t\t<div data-elementor-type=\"wp-page\" data-elementor-id=\"257\" class=\"elementor elementor-257\" data-elementor-post-type=\"page\">\n\t\t\t\t<div class=\"elementor-element elementor-element-10e43d4 e-con-full e-flex e-con e-parent\" data-id=\"10e43d4\" data-element_type=\"container\" data-e-type=\"container\" data-settings=\"{&quot;background_background&quot;:&quot;classic&quot;}\">\n\t\t\t\t<div class=\"elementor-element elementor-element-43c45bd elementor-widget elementor-widget-heading\" data-id=\"43c45bd\" data-element_type=\"widget\" data-e-type=\"widget\" data-widget_type=\"heading.default\">\n\t\t\t\t<div class=\"elementor-widget-container\">\n\t\t\t\t\t<h2 class=\"elementor-heading-title elementor-size-default\">B2B (WHOLESALE)<\/h2>\t\t\t\t<\/div>\n\t\t\t\t<\/div>\n\t\t<div class=\"elementor-element elementor-element-e71b9a3 e-flex e-con-boxed e-con e-child\" data-id=\"e71b9a3\" data-element_type=\"container\" data-e-type=\"container\">\n\t\t\t\t\t<div class=\"e-con-inner\">\n\t\t\t\t<div class=\"elementor-element elementor-element-0df8704 elementor-widget elementor-widget-text-editor\" data-id=\"0df8704\" data-element_type=\"widget\" data-e-type=\"widget\" data-widget_type=\"text-editor.default\">\n\t\t\t\t<div class=\"elementor-widget-container\">\n\t\t\t\t\t\t\t\t\t<p>Si ya eres cliente y quieres entrar en tu perfil Wholesale para hacer un pedido, puedes hacerlo desde<strong> <a style=\"text-decoration: underline;\" href=\"https:\/\/barbarabakery.com\/index.php\/acceso\/\">aqu\u00ed.<\/a><\/strong><\/p>\t\t\t\t\t\t\t\t<\/div>\n\t\t\t\t<\/div>\n\t\t\t\t<div class=\"elementor-element elementor-element-3c9fe4b elementor-widget elementor-widget-text-editor\" data-id=\"3c9fe4b\" data-element_type=\"widget\" data-e-type=\"widget\" data-widget_type=\"text-editor.default\">\n\t\t\t\t<div class=\"elementor-widget-container\">\n\t\t\t\t\t\t\t\t\tSi est\u00e1s pensando en ofrecer productos de boller\u00eda y panes en tu espacio,\nnos encantar\u00eda trabajar contigo y apoyarnos mutuamente. Rellena el formularioy podr\u00e1s comenzar  a recibir cada ma\u00f1ana productos frescos en tu local.\t\t\t\t\t\t\t\t<\/div>\n\t\t\t\t<\/div>\n\t\t\t\t\t<\/div>\n\t\t\t\t<\/div>\n\t\t\t\t<\/div>\n\t\t<div class=\"elementor-element elementor-element-3c4e815 e-flex e-con-boxed e-con e-parent\" data-id=\"3c4e815\" data-element_type=\"container\" data-e-type=\"container\">\n\t\t\t\t\t<div class=\"e-con-inner\">\n\t\t\t\t<div class=\"elementor-element elementor-element-503b09a elementor-widget elementor-widget-wpforms\" data-id=\"503b09a\" data-element_type=\"widget\" data-e-type=\"widget\" data-widget_type=\"wpforms.default\">\n\t\t\t\t<div class=\"elementor-widget-container\">\n\t\t\t\t\t<style id=\"wpforms-css-vars-elementor-widget-503b09a\">\n\t\t\t\t.elementor-widget-wpforms.elementor-element-503b09a {\n\t\t\t\t--wpforms-field-background-color: #FFFFFF00;\n--wpforms-field-border-color: #791C17;\n--wpforms-field-border-color-spare: #791C17;\n--wpforms-field-text-color: #791C17;\n--wpforms-label-color: #791C17;\n--wpforms-label-sublabel-color: #791C17;\n--wpforms-button-background-color: #791C17;\n--wpforms-page-break-color: #791C17;\n--wpforms-button-size-font-size: 20px;\n--wpforms-button-size-height: 48px;\n--wpforms-button-size-padding-h: 20px;\n--wpforms-button-size-margin-top: 15px;\n\n\t\t\t}\n\t\t\t<\/style><div class=\"wpforms-container wpforms-container-full wpforms-render-modern\" id=\"wpforms-937\"><form id=\"wpforms-form-937\" class=\"wpforms-validate wpforms-form wpforms-ajax-form\" data-formid=\"937\" method=\"post\" enctype=\"multipart\/form-data\" action=\"\/index.php\/wp-json\/wp\/v2\/pages\/257\" data-token=\"42a4124190b86b550ae5708da848e235\" data-token-time=\"1775334017\"><noscript class=\"wpforms-error-noscript\">Por favor, activa JavaScript en tu navegador para completar este formulario.<\/noscript><div id=\"wpforms-error-noscript\" style=\"display: none;\">Por favor, activa JavaScript en tu navegador para completar este formulario.<\/div><div class=\"wpforms-field-container\"><div id=\"wpforms-937-field_1-container\" class=\"wpforms-field wpforms-field-name\" data-field-id=\"1\"><label class=\"wpforms-field-label\" for=\"wpforms-937-field_1\">Nombre completo <span class=\"wpforms-required-label\" aria-hidden=\"true\">*<\/span><\/label><input type=\"text\" id=\"wpforms-937-field_1\" class=\"wpforms-field-large wpforms-field-required\" name=\"wpforms[fields][1]\" aria-errormessage=\"wpforms-937-field_1-error\" required><\/div><div id=\"wpforms-937-field_6-container\" class=\"wpforms-field wpforms-field-text\" data-field-id=\"6\"><label class=\"wpforms-field-label\" for=\"wpforms-937-field_6\">Tipo de negocio<\/label><input type=\"text\" id=\"wpforms-937-field_6\" class=\"wpforms-field-large\" name=\"wpforms[fields][6]\" aria-errormessage=\"wpforms-937-field_6-error\" aria-describedby=\"wpforms-937-field_6-description\" ><div id=\"wpforms-937-field_6-description\" class=\"wpforms-field-description\">Explica de que se trata<\/div><\/div>\t\t<div id=\"wpforms-937-field_3-container\"\n\t\t\tclass=\"wpforms-field wpforms-field-text\"\n\t\t\tdata-field-type=\"text\"\n\t\t\tdata-field-id=\"3\"\n\t\t\t>\n\t\t\t<label class=\"wpforms-field-label\" for=\"wpforms-937-field_3\" >completo Sociales del<\/label>\n\t\t\t<input type=\"text\" id=\"wpforms-937-field_3\" class=\"wpforms-field-medium\" name=\"wpforms[fields][3]\" >\n\t\t<\/div>\n\t\t<div id=\"wpforms-937-field_8-container\" class=\"wpforms-field wpforms-field-text\" data-field-id=\"8\"><label class=\"wpforms-field-label\" for=\"wpforms-937-field_8\">Nombre de tu negocio<\/label><input type=\"text\" id=\"wpforms-937-field_8\" class=\"wpforms-field-large\" name=\"wpforms[fields][8]\" aria-errormessage=\"wpforms-937-field_8-error\" ><\/div><div id=\"wpforms-937-field_9-container\" class=\"wpforms-field wpforms-field-text\" data-field-id=\"9\"><label class=\"wpforms-field-label\" for=\"wpforms-937-field_9\">Direci\u00f3n del negocio<\/label><input type=\"text\" id=\"wpforms-937-field_9\" class=\"wpforms-field-large\" name=\"wpforms[fields][9]\" aria-errormessage=\"wpforms-937-field_9-error\" ><\/div><div id=\"wpforms-937-field_10-container\" class=\"wpforms-field wpforms-field-text\" data-field-id=\"10\"><label class=\"wpforms-field-label\" for=\"wpforms-937-field_10\">Redes Sociales<\/label><input type=\"text\" id=\"wpforms-937-field_10\" class=\"wpforms-field-large\" name=\"wpforms[fields][10]\" aria-errormessage=\"wpforms-937-field_10-error\" ><\/div><div id=\"wpforms-937-field_11-container\" class=\"wpforms-field wpforms-field-text\" data-field-id=\"11\"><label class=\"wpforms-field-label\" for=\"wpforms-937-field_11\">NIF<\/label><input type=\"text\" id=\"wpforms-937-field_11\" class=\"wpforms-field-large\" name=\"wpforms[fields][11]\" aria-errormessage=\"wpforms-937-field_11-error\" ><\/div><div id=\"wpforms-937-field_2-container\" class=\"wpforms-field wpforms-field-email\" data-field-id=\"2\"><label class=\"wpforms-field-label\" for=\"wpforms-937-field_2\">Correo electr\u00f3nico <span class=\"wpforms-required-label\" aria-hidden=\"true\">*<\/span><\/label><input type=\"email\" id=\"wpforms-937-field_2\" class=\"wpforms-field-large wpforms-field-required\" name=\"wpforms[fields][2]\" spellcheck=\"false\" aria-errormessage=\"wpforms-937-field_2-error\" required><\/div><script>\n\t\t\t\t( function() {\n\t\t\t\t\tconst style = document.createElement( 'style' );\n\t\t\t\t\tstyle.appendChild( document.createTextNode( '#wpforms-937-field_3-container { position: absolute !important; overflow: hidden !important; display: inline !important; height: 1px !important; width: 1px !important; z-index: -1000 !important; padding: 0 !important; } #wpforms-937-field_3-container input { visibility: hidden; } #wpforms-conversational-form-page #wpforms-937-field_3-container label { counter-increment: none; }' ) );\n\t\t\t\t\tdocument.head.appendChild( style );\n\t\t\t\t\tdocument.currentScript?.remove();\n\t\t\t\t} )();\n\t\t\t<\/script><\/div><!-- .wpforms-field-container --><div class=\"wpforms-recaptcha-container wpforms-is-turnstile\" ><div class=\"g-recaptcha\" data-sitekey=\"0x4AAAAAAB5aXsoUvm4aSzQ3\" data-action=\"FormID-937\"><\/div><input type=\"text\" name=\"g-recaptcha-hidden\" class=\"wpforms-recaptcha-hidden\" style=\"position:absolute!important;clip:rect(0,0,0,0)!important;height:1px!important;width:1px!important;border:0!important;overflow:hidden!important;padding:0!important;margin:0!important;\" data-rule-turnstile=\"1\"><\/div><div class=\"wpforms-submit-container\" ><input type=\"hidden\" name=\"wpforms[id]\" value=\"937\"><input type=\"hidden\" name=\"page_title\" value=\"\"><input type=\"hidden\" name=\"page_url\" value=\"https:\/\/barbarabakery.com\/index.php\/wp-json\/wp\/v2\/pages\/257\"><input type=\"hidden\" name=\"url_referer\" value=\"\"><button type=\"submit\" name=\"wpforms[submit]\" id=\"wpforms-submit-937\" class=\"wpforms-submit\" data-alt-text=\"Enviando...\" data-submit-text=\"Enviar\" aria-live=\"assertive\" value=\"wpforms-submit\">Enviar<\/button><img decoding=\"async\" src=\"https:\/\/barbarabakery.com\/wp-content\/plugins\/wpforms-lite\/assets\/images\/submit-spin.svg\" class=\"wpforms-submit-spinner\" style=\"display: none;\" width=\"26\" height=\"26\" alt=\"Cargando\"><\/div><\/form><\/div>  <!-- .wpforms-container -->\t\t\t\t<\/div>\n\t\t\t\t<\/div>\n\t\t\t\t\t<\/div>\n\t\t\t\t<\/div>\n\t\t\t\t<\/div>\n\t\t","protected":false},"excerpt":{"rendered":"<p>B2B (WHOLESALE) Si ya eres cliente y quieres entrar en tu perfil Wholesale para hacer un pedido, puedes hacerlo desde aqu\u00ed. Si est\u00e1s pensando en ofrecer productos de boller\u00eda y panes en tu espacio, nos encantar\u00eda trabajar contigo y apoyarnos mutuamente. Rellena el formularioy podr\u00e1s comenzar a recibir cada ma\u00f1ana productos frescos en tu local. [&hellip;]<\/p>\n","protected":false},"author":1,"featured_media":0,"parent":0,"menu_order":0,"comment_status":"closed","ping_status":"closed","template":"","meta":{"footnotes":""},"class_list":["post-257","page","type-page","status-publish","hentry"],"_links":{"self":[{"href":"https:\/\/barbarabakery.com\/index.php\/wp-json\/wp\/v2\/pages\/257","targetHints":{"allow":["GET"]}}],"collection":[{"href":"https:\/\/barbarabakery.com\/index.php\/wp-json\/wp\/v2\/pages"}],"about":[{"href":"https:\/\/barbarabakery.com\/index.php\/wp-json\/wp\/v2\/types\/page"}],"author":[{"embeddable":true,"href":"https:\/\/barbarabakery.com\/index.php\/wp-json\/wp\/v2\/users\/1"}],"replies":[{"embeddable":true,"href":"https:\/\/barbarabakery.com\/index.php\/wp-json\/wp\/v2\/comments?post=257"}],"version-history":[{"count":142,"href":"https:\/\/barbarabakery.com\/index.php\/wp-json\/wp\/v2\/pages\/257\/revisions"}],"predecessor-version":[{"id":1113,"href":"https:\/\/barbarabakery.com\/index.php\/wp-json\/wp\/v2\/pages\/257\/revisions\/1113"}],"wp:attachment":[{"href":"https:\/\/barbarabakery.com\/index.php\/wp-json\/wp\/v2\/media?parent=257"}],"curies":[{"name":"wp","href":"https:\/\/api.w.org\/{rel}","templated":true}]}}