{"id":304,"date":"2025-08-20T16:50:54","date_gmt":"2025-08-20T14:50:54","guid":{"rendered":"https:\/\/barbarabakery.com\/?page_id=304"},"modified":"2025-11-24T15:26:35","modified_gmt":"2025-11-24T14:26:35","slug":"shop","status":"publish","type":"page","link":"https:\/\/barbarabakery.com\/index.php\/shop\/","title":{"rendered":"SHOP"},"content":{"rendered":"\t\t<div data-elementor-type=\"wp-page\" data-elementor-id=\"304\" class=\"elementor elementor-304\" data-elementor-post-type=\"page\">\n\t\t\t\t<div class=\"elementor-element elementor-element-ed52d42 e-con-full e-flex e-con e-parent\" data-id=\"ed52d42\" data-element_type=\"container\" data-e-type=\"container\">\n\t\t<div class=\"elementor-element elementor-element-92fd5f6 e-con-full e-flex e-con e-child\" data-id=\"92fd5f6\" data-element_type=\"container\" data-e-type=\"container\">\n\t\t\t\t<div class=\"elementor-element elementor-element-89b9db0 elementor-widget elementor-widget-heading\" data-id=\"89b9db0\" data-element_type=\"widget\" data-e-type=\"widget\" data-widget_type=\"heading.default\">\n\t\t\t\t<div class=\"elementor-widget-container\">\n\t\t\t\t\t<h2 class=\"elementor-heading-title elementor-size-default\">Nuestros Productos<\/h2>\t\t\t\t<\/div>\n\t\t\t\t<\/div>\n\t\t\t\t<div class=\"elementor-element elementor-element-51faae4 elementor-widget elementor-widget-text-editor\" data-id=\"51faae4\" data-element_type=\"widget\" data-e-type=\"widget\" data-widget_type=\"text-editor.default\">\n\t\t\t\t<div class=\"elementor-widget-container\">\n\t\t\t\t\t\t\t\t\t<p style=\"text-align: center;\" data-start=\"185\" data-end=\"347\">En nuestra tienda trabajamos con productos frescos y elaborados a pedido, por eso<br \/>te pedimos que tengas en cuenta los siguientes tiempos de preparaci\u00f3n y entrega:<\/p><p style=\"text-align: center;\" data-start=\"349\" data-end=\"540\"><span style=\"text-decoration: underline;\"><strong data-start=\"349\" data-end=\"396\">Compras realizadas antes de las 14:00h:<\/strong><\/span><br data-start=\"396\" data-end=\"399\" \/>Podr\u00e1s retirar tu pedido al d\u00eda siguiente, es decir, en un plazo de 24 horas.<br data-start=\"476\" data-end=\"479\" \/><span style=\"text-decoration: underline;\"><strong data-start=\"479\" data-end=\"501\">Horario de retiro:<br \/><\/strong><\/span>\u00a0De lunes a viernes, de 9:30 a 14:00h.<\/p><p style=\"text-align: center;\" data-start=\"542\" data-end=\"714\"><span style=\"text-decoration: underline;\"><strong data-start=\"542\" data-end=\"591\">Compras realizadas despu\u00e9s de las 14:00h:<\/strong><\/span><br data-start=\"591\" data-end=\"594\" \/>Tu pedido estar\u00e1 disponible para retirar a las 48 horas.<br data-start=\"650\" data-end=\"653\" \/><span style=\"text-decoration: underline;\"><strong data-start=\"653\" data-end=\"675\">Horario de retiro:<\/strong><\/span><br \/>De lunes a viernes, de 9:30 a 14:00h.<\/p><p style=\"text-align: center;\" data-start=\"716\" data-end=\"826\"><em data-start=\"719\" data-end=\"826\">Por el momento, solo realizamos entregas en tienda f\u00edsica. No contamos con servicio de env\u00edo a domicilio.<\/em><\/p>\t\t\t\t\t\t\t\t<\/div>\n\t\t\t\t<\/div>\n\t\t\t\t<\/div>\n\t\t<div class=\"elementor-element elementor-element-b0e4242 e-con-full e-flex e-con e-child\" data-id=\"b0e4242\" data-element_type=\"container\" data-e-type=\"container\">\n\t\t\t\t<div class=\"elementor-element elementor-element-307c8f3 elementor-grid-3 elementor-grid-mobile-1 elementor-grid-tablet-3 elementor-products-grid elementor-wc-products elementor-widget elementor-widget-wc-categories\" data-id=\"307c8f3\" data-element_type=\"widget\" data-e-type=\"widget\" data-widget_type=\"wc-categories.default\">\n\t\t\t\t<div class=\"elementor-widget-container\">\n\t\t\t\t\t<div class=\"woocommerce columns-3\"><ul class=\"products elementor-grid columns-3\">\n<li class=\"product-category product first\">\n\t<a aria-label=\"Visitar la categor\u00eda de producto Productos Artesanales\" href=\"https:\/\/barbarabakery.com\/index.php\/categoria-producto\/productos\/\"><img decoding=\"async\" src=\"https:\/\/barbarabakery.com\/wp-content\/uploads\/2025\/09\/IMG_6164-Medium-300x400.jpeg\" alt=\"Productos Artesanales\" width=\"300\" height=\"\" srcset=\"https:\/\/barbarabakery.com\/wp-content\/uploads\/2025\/09\/IMG_6164-Medium-300x400.jpeg 300w, https:\/\/barbarabakery.com\/wp-content\/uploads\/2025\/09\/IMG_6164-Medium-225x300.jpeg 225w, https:\/\/barbarabakery.com\/wp-content\/uploads\/2025\/09\/IMG_6164-Medium.jpeg 480w\" sizes=\"(max-width: 300px) 100vw, 300px\" \/>\t\t<h2 class=\"woocommerce-loop-category__title\">\n\t\t\tProductos Artesanales <mark class=\"count\">(7)<\/mark>\t\t<\/h2>\n\t\t<\/a><\/li>\n<li class=\"product-category product\">\n\t<a aria-label=\"Visitar la categor\u00eda de producto Boller\u00eda\" href=\"https:\/\/barbarabakery.com\/index.php\/categoria-producto\/bolleria\/\"><img decoding=\"async\" src=\"https:\/\/barbarabakery.com\/wp-content\/uploads\/2025\/09\/IMG_6425-Medium-300x400.jpeg\" alt=\"Boller\u00eda\" width=\"300\" height=\"\" srcset=\"https:\/\/barbarabakery.com\/wp-content\/uploads\/2025\/09\/IMG_6425-Medium-300x400.jpeg 300w, https:\/\/barbarabakery.com\/wp-content\/uploads\/2025\/09\/IMG_6425-Medium-225x300.jpeg 225w, https:\/\/barbarabakery.com\/wp-content\/uploads\/2025\/09\/IMG_6425-Medium.jpeg 480w\" sizes=\"(max-width: 300px) 100vw, 300px\" \/>\t\t<h2 class=\"woocommerce-loop-category__title\">\n\t\t\tBoller\u00eda <mark class=\"count\">(7)<\/mark>\t\t<\/h2>\n\t\t<\/a><\/li>\n<li class=\"product-category product last\">\n\t<a aria-label=\"Visitar la categor\u00eda de producto Panes\" href=\"https:\/\/barbarabakery.com\/index.php\/categoria-producto\/panes\/\"><img decoding=\"async\" src=\"https:\/\/barbarabakery.com\/wp-content\/uploads\/2025\/09\/IMG_6349-Medium-300x400.jpeg\" alt=\"Panes\" width=\"300\" height=\"\" srcset=\"https:\/\/barbarabakery.com\/wp-content\/uploads\/2025\/09\/IMG_6349-Medium-300x400.jpeg 300w, https:\/\/barbarabakery.com\/wp-content\/uploads\/2025\/09\/IMG_6349-Medium-225x300.jpeg 225w, https:\/\/barbarabakery.com\/wp-content\/uploads\/2025\/09\/IMG_6349-Medium.jpeg 480w\" sizes=\"(max-width: 300px) 100vw, 300px\" \/>\t\t<h2 class=\"woocommerce-loop-category__title\">\n\t\t\tPanes <mark class=\"count\">(5)<\/mark>\t\t<\/h2>\n\t\t<\/a><\/li>\n<\/ul>\n<\/div>\t\t\t\t<\/div>\n\t\t\t\t<\/div>\n\t\t\t\t<\/div>\n\t\t\t\t<\/div>\n\t\t\t\t<\/div>\n\t\t","protected":false},"excerpt":{"rendered":"<p>Nuestros Productos En nuestra tienda trabajamos con productos frescos y elaborados a pedido, por esote pedimos que tengas en cuenta los siguientes tiempos de preparaci\u00f3n y entrega: Compras realizadas antes de las 14:00h:Podr\u00e1s retirar tu pedido al d\u00eda siguiente, es decir, en un plazo de 24 horas.Horario de retiro:\u00a0De lunes a viernes, de 9:30 a [&hellip;]<\/p>\n","protected":false},"author":1,"featured_media":0,"parent":0,"menu_order":0,"comment_status":"closed","ping_status":"closed","template":"","meta":{"footnotes":""},"class_list":["post-304","page","type-page","status-publish","hentry"],"_links":{"self":[{"href":"https:\/\/barbarabakery.com\/index.php\/wp-json\/wp\/v2\/pages\/304","targetHints":{"allow":["GET"]}}],"collection":[{"href":"https:\/\/barbarabakery.com\/index.php\/wp-json\/wp\/v2\/pages"}],"about":[{"href":"https:\/\/barbarabakery.com\/index.php\/wp-json\/wp\/v2\/types\/page"}],"author":[{"embeddable":true,"href":"https:\/\/barbarabakery.com\/index.php\/wp-json\/wp\/v2\/users\/1"}],"replies":[{"embeddable":true,"href":"https:\/\/barbarabakery.com\/index.php\/wp-json\/wp\/v2\/comments?post=304"}],"version-history":[{"count":61,"href":"https:\/\/barbarabakery.com\/index.php\/wp-json\/wp\/v2\/pages\/304\/revisions"}],"predecessor-version":[{"id":1219,"href":"https:\/\/barbarabakery.com\/index.php\/wp-json\/wp\/v2\/pages\/304\/revisions\/1219"}],"wp:attachment":[{"href":"https:\/\/barbarabakery.com\/index.php\/wp-json\/wp\/v2\/media?parent=304"}],"curies":[{"name":"wp","href":"https:\/\/api.w.org\/{rel}","templated":true}]}}