{"id":578,"date":"2025-08-30T20:10:39","date_gmt":"2025-08-30T18:10:39","guid":{"rendered":"https:\/\/barbarabakery.com\/?page_id=578"},"modified":"2025-09-11T18:54:10","modified_gmt":"2025-09-11T16:54:10","slug":"info","status":"publish","type":"page","link":"https:\/\/barbarabakery.com\/index.php\/info\/","title":{"rendered":"info"},"content":{"rendered":"\t\t<div data-elementor-type=\"wp-page\" data-elementor-id=\"578\" class=\"elementor elementor-578\" data-elementor-post-type=\"page\">\n\t\t\t\t<div class=\"elementor-element elementor-element-9493611 e-flex e-con-boxed e-con e-parent\" data-id=\"9493611\" data-element_type=\"container\" data-e-type=\"container\">\n\t\t\t\t\t<div class=\"e-con-inner\">\n\t\t\t\t<div class=\"elementor-element elementor-element-5ef5697 elementor-widget elementor-widget-heading\" data-id=\"5ef5697\" data-element_type=\"widget\" data-e-type=\"widget\" data-widget_type=\"heading.default\">\n\t\t\t\t<div class=\"elementor-widget-container\">\n\t\t\t\t\t<h2 class=\"elementor-heading-title elementor-size-default\">Horarios  \u00b7  Pedidos \u00b7 Entregas<\/h2>\t\t\t\t<\/div>\n\t\t\t\t<\/div>\n\t\t\t\t\t<\/div>\n\t\t\t\t<\/div>\n\t\t<div class=\"elementor-element elementor-element-66d5c6f e-flex e-con-boxed e-con e-parent\" data-id=\"66d5c6f\" data-element_type=\"container\" data-e-type=\"container\">\n\t\t\t\t\t<div class=\"e-con-inner\">\n\t\t\t\t<div class=\"elementor-element elementor-element-d8317e9 elementor-widget elementor-widget-text-editor\" data-id=\"d8317e9\" data-element_type=\"widget\" data-e-type=\"widget\" data-widget_type=\"text-editor.default\">\n\t\t\t\t<div class=\"elementor-widget-container\">\n\t\t\t\t\t\t\t\t\t<p style=\"text-align: center;\" data-start=\"185\" data-end=\"347\">En nuestra tienda trabajamos con productos frescos y elaborados a pedido, por eso<BR> te pedimos que tengas en cuenta los siguientes tiempos de preparaci\u00f3n y entrega:<\/p>\n<p style=\"text-align: center;\" data-start=\"349\" data-end=\"540\"><span style=\"text-decoration: underline;\"><strong data-start=\"349\" data-end=\"396\">Compras realizadas antes de las 14:00h:<\/strong><\/span><br data-start=\"396\" data-end=\"399\" \/>Podr\u00e1s retirar tu pedido al d\u00eda siguiente, es decir, en un plazo de 24 horas.<br data-start=\"476\" data-end=\"479\" \/><span style=\"text-decoration: underline;\"><strong data-start=\"479\" data-end=\"501\">Horario de retiro:\n<\/strong><\/span>\u00a0De lunes a viernes, de 9:30 a 14:00h.<\/p>\n<p style=\"text-align: center;\" data-start=\"542\" data-end=\"714\"><span style=\"text-decoration: underline;\"><strong data-start=\"542\" data-end=\"591\">Compras realizadas despu\u00e9s de las 14:00h:<\/strong><\/span><br data-start=\"591\" data-end=\"594\" \/>Tu pedido estar\u00e1 disponible para retirar a las 48 horas.<br data-start=\"650\" data-end=\"653\" \/><span style=\"text-decoration: underline;\"><strong data-start=\"653\" data-end=\"675\">Horario de retiro:<\/strong><\/span>\nDe lunes a viernes, de 9:30 a 14:00h.<\/p>\n<p data-start=\"716\" data-end=\"826\"><\/p>\n<p style=\"text-align: center;\" data-start=\"716\" data-end=\"826\"><em data-start=\"719\" data-end=\"826\">Por el momento, solo realizamos entregas en tienda f\u00edsica. No contamos con servicio de env\u00edo a domicilio.<\/em><\/p>\t\t\t\t\t\t\t\t<\/div>\n\t\t\t\t<\/div>\n\t\t\t\t\t<\/div>\n\t\t\t\t<\/div>\n\t\t\t\t<\/div>\n\t\t","protected":false},"excerpt":{"rendered":"<p>Horarios \u00b7 Pedidos \u00b7 Entregas En nuestra tienda trabajamos con productos frescos y elaborados a pedido, por eso te pedimos que tengas en cuenta los siguientes tiempos de preparaci\u00f3n y entrega: Compras realizadas antes de las 14:00h:Podr\u00e1s retirar tu pedido al d\u00eda siguiente, es decir, en un plazo de 24 horas.Horario de retiro: \u00a0De lunes [&hellip;]<\/p>\n","protected":false},"author":1,"featured_media":0,"parent":0,"menu_order":0,"comment_status":"closed","ping_status":"closed","template":"","meta":{"footnotes":""},"class_list":["post-578","page","type-page","status-publish","hentry"],"_links":{"self":[{"href":"https:\/\/barbarabakery.com\/index.php\/wp-json\/wp\/v2\/pages\/578","targetHints":{"allow":["GET"]}}],"collection":[{"href":"https:\/\/barbarabakery.com\/index.php\/wp-json\/wp\/v2\/pages"}],"about":[{"href":"https:\/\/barbarabakery.com\/index.php\/wp-json\/wp\/v2\/types\/page"}],"author":[{"embeddable":true,"href":"https:\/\/barbarabakery.com\/index.php\/wp-json\/wp\/v2\/users\/1"}],"replies":[{"embeddable":true,"href":"https:\/\/barbarabakery.com\/index.php\/wp-json\/wp\/v2\/comments?post=578"}],"version-history":[{"count":29,"href":"https:\/\/barbarabakery.com\/index.php\/wp-json\/wp\/v2\/pages\/578\/revisions"}],"predecessor-version":[{"id":1012,"href":"https:\/\/barbarabakery.com\/index.php\/wp-json\/wp\/v2\/pages\/578\/revisions\/1012"}],"wp:attachment":[{"href":"https:\/\/barbarabakery.com\/index.php\/wp-json\/wp\/v2\/media?parent=578"}],"curies":[{"name":"wp","href":"https:\/\/api.w.org\/{rel}","templated":true}]}}