{"id":644,"date":"2025-09-04T20:55:28","date_gmt":"2025-09-04T18:55:28","guid":{"rendered":"https:\/\/barbarabakery.com\/?page_id=644"},"modified":"2026-02-16T16:07:37","modified_gmt":"2026-02-16T15:07:37","slug":"inicio","status":"publish","type":"page","link":"https:\/\/barbarabakery.com\/","title":{"rendered":"Inicio"},"content":{"rendered":"\t\t<div data-elementor-type=\"wp-page\" data-elementor-id=\"644\" class=\"elementor elementor-644\" data-elementor-post-type=\"page\">\n\t\t\t\t<div class=\"elementor-element elementor-element-d624363 e-con-full e-flex e-con e-parent\" data-id=\"d624363\" data-element_type=\"container\" data-e-type=\"container\" data-settings=\"{&quot;background_background&quot;:&quot;classic&quot;}\">\n\t\t\t\t<\/div>\n\t\t<div class=\"elementor-element elementor-element-fee9930 e-flex e-con-boxed e-con e-parent\" data-id=\"fee9930\" data-element_type=\"container\" data-e-type=\"container\">\n\t\t\t\t\t<div class=\"e-con-inner\">\n\t\t\t\t<div class=\"elementor-element elementor-element-3495f85 elementor-widget elementor-widget-heading\" data-id=\"3495f85\" data-element_type=\"widget\" data-e-type=\"widget\" data-widget_type=\"heading.default\">\n\t\t\t\t<div class=\"elementor-widget-container\">\n\t\t\t\t\t<h2 class=\"elementor-heading-title elementor-size-default\">Nuestros Productos<\/h2>\t\t\t\t<\/div>\n\t\t\t\t<\/div>\n\t\t\t\t<div class=\"elementor-element elementor-element-9287663 elementor-widget elementor-widget-text-editor\" data-id=\"9287663\" data-element_type=\"widget\" data-e-type=\"widget\" data-widget_type=\"text-editor.default\">\n\t\t\t\t<div class=\"elementor-widget-container\">\n\t\t\t\t\t\t\t\t\t<p>Haz tu pedido con 24 horas de antelaci\u00f3n,<br \/>recogida en tienda.<\/p>\t\t\t\t\t\t\t\t<\/div>\n\t\t\t\t<\/div>\n\t\t\t\t<div class=\"elementor-element elementor-element-f013d70 elementor-align-center elementor-widget elementor-widget-button\" data-id=\"f013d70\" data-element_type=\"widget\" data-e-type=\"widget\" data-widget_type=\"button.default\">\n\t\t\t\t<div class=\"elementor-widget-container\">\n\t\t\t\t\t\t\t\t\t<div class=\"elementor-button-wrapper\">\n\t\t\t\t\t<a class=\"elementor-button elementor-button-link elementor-size-sm elementor-animation-grow\" href=\"https:\/\/barbarabakery.com\/index.php\/info\/\">\n\t\t\t\t\t\t<span class=\"elementor-button-content-wrapper\">\n\t\t\t\t\t\t\t\t\t<span class=\"elementor-button-text\">M\u00c1S INFO<\/span>\n\t\t\t\t\t<\/span>\n\t\t\t\t\t<\/a>\n\t\t\t\t<\/div>\n\t\t\t\t\t\t\t\t<\/div>\n\t\t\t\t<\/div>\n\t\t\t\t\t<\/div>\n\t\t\t\t<\/div>\n\t\t<div class=\"elementor-element elementor-element-1dc266b e-con-full e-flex e-con e-parent\" data-id=\"1dc266b\" data-element_type=\"container\" data-e-type=\"container\">\n\t\t\t\t<div class=\"elementor-element elementor-element-b59c83d elementor-grid-3 elementor-grid-mobile-1 elementor-grid-tablet-3 elementor-products-grid elementor-wc-products elementor-widget elementor-widget-wc-categories\" data-id=\"b59c83d\" data-element_type=\"widget\" data-e-type=\"widget\" data-widget_type=\"wc-categories.default\">\n\t\t\t\t<div class=\"elementor-widget-container\">\n\t\t\t\t\t<div class=\"woocommerce columns-3\"><ul class=\"products elementor-grid columns-3\">\n<li class=\"product-category product first\">\n\t<a aria-label=\"Visitar la categor\u00eda de producto Productos Artesanales\" href=\"https:\/\/barbarabakery.com\/index.php\/categoria-producto\/productos\/\"><img decoding=\"async\" src=\"https:\/\/barbarabakery.com\/wp-content\/uploads\/2025\/09\/IMG_6164-Medium-300x400.jpeg\" alt=\"Productos Artesanales\" width=\"300\" height=\"\" srcset=\"https:\/\/barbarabakery.com\/wp-content\/uploads\/2025\/09\/IMG_6164-Medium-300x400.jpeg 300w, https:\/\/barbarabakery.com\/wp-content\/uploads\/2025\/09\/IMG_6164-Medium-225x300.jpeg 225w, https:\/\/barbarabakery.com\/wp-content\/uploads\/2025\/09\/IMG_6164-Medium.jpeg 480w\" sizes=\"(max-width: 300px) 100vw, 300px\" \/>\t\t<h2 class=\"woocommerce-loop-category__title\">\n\t\t\tProductos Artesanales <mark class=\"count\">(7)<\/mark>\t\t<\/h2>\n\t\t<\/a><\/li>\n<li class=\"product-category product\">\n\t<a aria-label=\"Visitar la categor\u00eda de producto Boller\u00eda\" href=\"https:\/\/barbarabakery.com\/index.php\/categoria-producto\/bolleria\/\"><img decoding=\"async\" src=\"https:\/\/barbarabakery.com\/wp-content\/uploads\/2025\/09\/IMG_6425-Medium-300x400.jpeg\" alt=\"Boller\u00eda\" width=\"300\" height=\"\" srcset=\"https:\/\/barbarabakery.com\/wp-content\/uploads\/2025\/09\/IMG_6425-Medium-300x400.jpeg 300w, https:\/\/barbarabakery.com\/wp-content\/uploads\/2025\/09\/IMG_6425-Medium-225x300.jpeg 225w, https:\/\/barbarabakery.com\/wp-content\/uploads\/2025\/09\/IMG_6425-Medium.jpeg 480w\" sizes=\"(max-width: 300px) 100vw, 300px\" \/>\t\t<h2 class=\"woocommerce-loop-category__title\">\n\t\t\tBoller\u00eda <mark class=\"count\">(7)<\/mark>\t\t<\/h2>\n\t\t<\/a><\/li>\n<li class=\"product-category product last\">\n\t<a aria-label=\"Visitar la categor\u00eda de producto Panes\" href=\"https:\/\/barbarabakery.com\/index.php\/categoria-producto\/panes\/\"><img decoding=\"async\" src=\"https:\/\/barbarabakery.com\/wp-content\/uploads\/2025\/09\/IMG_6349-Medium-300x400.jpeg\" alt=\"Panes\" width=\"300\" height=\"\" srcset=\"https:\/\/barbarabakery.com\/wp-content\/uploads\/2025\/09\/IMG_6349-Medium-300x400.jpeg 300w, https:\/\/barbarabakery.com\/wp-content\/uploads\/2025\/09\/IMG_6349-Medium-225x300.jpeg 225w, https:\/\/barbarabakery.com\/wp-content\/uploads\/2025\/09\/IMG_6349-Medium.jpeg 480w\" sizes=\"(max-width: 300px) 100vw, 300px\" \/>\t\t<h2 class=\"woocommerce-loop-category__title\">\n\t\t\tPanes <mark class=\"count\">(5)<\/mark>\t\t<\/h2>\n\t\t<\/a><\/li>\n<\/ul>\n<\/div>\t\t\t\t<\/div>\n\t\t\t\t<\/div>\n\t\t\t\t<\/div>\n\t\t<div class=\"elementor-element elementor-element-3930101 e-con-full e-flex e-con e-parent\" data-id=\"3930101\" data-element_type=\"container\" data-e-type=\"container\">\n\t\t<div class=\"elementor-element elementor-element-69eddb8 e-con-full e-flex e-con e-child\" data-id=\"69eddb8\" data-element_type=\"container\" data-e-type=\"container\">\n\t\t\t\t<div class=\"elementor-element elementor-element-8a9217b elementor-widget elementor-widget-text-editor\" data-id=\"8a9217b\" data-element_type=\"widget\" data-e-type=\"widget\" data-widget_type=\"text-editor.default\">\n\t\t\t\t<div class=\"elementor-widget-container\">\n\t\t\t\t\t\t\t\t\t<p>\/ NOSOTROS<\/p>\t\t\t\t\t\t\t\t<\/div>\n\t\t\t\t<\/div>\n\t\t\t\t<\/div>\n\t\t<div class=\"elementor-element elementor-element-4f6a655 e-con-full e-flex e-con e-child\" data-id=\"4f6a655\" data-element_type=\"container\" data-e-type=\"container\">\n\t\t\t\t<div class=\"elementor-element elementor-element-aa8830d elementor-widget elementor-widget-text-editor\" data-id=\"aa8830d\" data-element_type=\"widget\" data-e-type=\"widget\" data-widget_type=\"text-editor.default\">\n\t\t\t\t<div class=\"elementor-widget-container\">\n\t\t\t\t\t\t\t\t\t<p>Nuestra cocina es un viaje en movimiento, Sin men\u00fa fijo, sin l\u00edmites, solo la emoci\u00f3n de crear lo que nos inspira cada temporada. Bienvenidos a nuestra aventura m\u00e1s dulce.<\/p>\t\t\t\t\t\t\t\t<\/div>\n\t\t\t\t<\/div>\n\t\t\t\t<\/div>\n\t\t<div class=\"elementor-element elementor-element-f8728e3 e-con-full e-flex e-con e-child\" data-id=\"f8728e3\" data-element_type=\"container\" data-e-type=\"container\">\n\t\t\t\t<\/div>\n\t\t\t\t<\/div>\n\t\t<div class=\"elementor-element elementor-element-97185e0 elementor-hidden-desktop elementor-hidden-tablet e-con-full e-flex e-con e-parent\" data-id=\"97185e0\" data-element_type=\"container\" data-e-type=\"container\">\n\t\t\t\t<div class=\"elementor-element elementor-element-590d75a elementor-widget elementor-widget-image\" data-id=\"590d75a\" data-element_type=\"widget\" data-e-type=\"widget\" data-widget_type=\"image.default\">\n\t\t\t\t<div class=\"elementor-widget-container\">\n\t\t\t\t\t\t\t\t\t\t\t\t\t\t\t<img fetchpriority=\"high\" decoding=\"async\" width=\"683\" height=\"1024\" src=\"https:\/\/barbarabakery.com\/wp-content\/uploads\/2025\/09\/gif-683x1024.gif\" class=\"attachment-large size-large wp-image-660\" alt=\"\" srcset=\"https:\/\/barbarabakery.com\/wp-content\/uploads\/2025\/09\/gif-683x1024.gif 683w, https:\/\/barbarabakery.com\/wp-content\/uploads\/2025\/09\/gif-300x450.gif 300w, https:\/\/barbarabakery.com\/wp-content\/uploads\/2025\/09\/gif-600x900.gif 600w, https:\/\/barbarabakery.com\/wp-content\/uploads\/2025\/09\/gif-200x300.gif 200w, https:\/\/barbarabakery.com\/wp-content\/uploads\/2025\/09\/gif-768x1152.gif 768w\" sizes=\"(max-width: 683px) 100vw, 683px\" \/>\t\t\t\t\t\t\t\t\t\t\t\t\t\t\t<\/div>\n\t\t\t\t<\/div>\n\t\t\t\t<\/div>\n\t\t<div class=\"elementor-element elementor-element-9e8c27b elementor-hidden-mobile e-con-full e-flex e-con e-parent\" data-id=\"9e8c27b\" data-element_type=\"container\" data-e-type=\"container\">\n\t\t<div class=\"elementor-element elementor-element-2939be6 e-con-full e-flex e-con e-child\" data-id=\"2939be6\" data-element_type=\"container\" data-e-type=\"container\">\n\t\t\t\t<\/div>\n\t\t<div class=\"elementor-element elementor-element-a353dfa e-con-full e-flex e-con e-child\" data-id=\"a353dfa\" data-element_type=\"container\" data-e-type=\"container\">\n\t\t\t\t<\/div>\n\t\t<div class=\"elementor-element elementor-element-87fb618 e-con-full e-flex e-con e-child\" data-id=\"87fb618\" data-element_type=\"container\" data-e-type=\"container\" data-settings=\"{&quot;background_background&quot;:&quot;video&quot;}\">\n\t\t\t\t<div class=\"elementor-element elementor-element-ec4f8c9 elementor-widget elementor-widget-image\" data-id=\"ec4f8c9\" data-element_type=\"widget\" data-e-type=\"widget\" data-widget_type=\"image.default\">\n\t\t\t\t<div class=\"elementor-widget-container\">\n\t\t\t\t\t\t\t\t\t\t\t\t\t\t\t<img decoding=\"async\" width=\"1000\" height=\"1500\" src=\"https:\/\/barbarabakery.com\/wp-content\/uploads\/2025\/09\/gif.gif\" class=\"attachment-2048x2048 size-2048x2048 wp-image-660\" alt=\"\" \/>\t\t\t\t\t\t\t\t\t\t\t\t\t\t\t<\/div>\n\t\t\t\t<\/div>\n\t\t\t\t<\/div>\n\t\t\t\t<\/div>\n\t\t<div class=\"elementor-element elementor-element-8ee17cb e-con-full e-flex e-con e-parent\" data-id=\"8ee17cb\" data-element_type=\"container\" data-e-type=\"container\">\n\t\t<div class=\"elementor-element elementor-element-79ed767 e-con-full elementor-hidden-mobile e-flex e-con e-child\" data-id=\"79ed767\" data-element_type=\"container\" data-e-type=\"container\">\n\t\t\t\t<\/div>\n\t\t<div class=\"elementor-element elementor-element-09fca81 e-con-full e-flex e-con e-child\" data-id=\"09fca81\" data-element_type=\"container\" data-e-type=\"container\">\n\t\t\t\t<div class=\"elementor-element elementor-element-fd0a3d1 elementor-widget elementor-widget-text-editor\" data-id=\"fd0a3d1\" data-element_type=\"widget\" data-e-type=\"widget\" data-widget_type=\"text-editor.default\">\n\t\t\t\t<div class=\"elementor-widget-container\">\n\t\t\t\t\t\t\t\t\t<p>BARBARA nos devuelve un momento olvidado: <strong>El pan reci\u00e9n horneado<\/strong><\/p>\t\t\t\t\t\t\t\t<\/div>\n\t\t\t\t<\/div>\n\t\t\t\t<\/div>\n\t\t<div class=\"elementor-element elementor-element-8613c8e e-con-full e-flex e-con e-child\" data-id=\"8613c8e\" data-element_type=\"container\" data-e-type=\"container\">\n\t\t\t\t<\/div>\n\t\t\t\t<\/div>\n\t\t<div class=\"elementor-element elementor-element-f866b59 e-con-full e-flex e-con e-parent\" data-id=\"f866b59\" data-element_type=\"container\" data-e-type=\"container\">\n\t\t\t\t<div class=\"elementor-element elementor-element-63220cb elementor-grid-3 elementor-grid-tablet-3 elementor-grid-mobile-2 elementor-products-grid elementor-wc-products elementor-widget elementor-widget-woocommerce-products\" data-id=\"63220cb\" data-element_type=\"widget\" data-e-type=\"widget\" data-widget_type=\"woocommerce-products.default\">\n\t\t\t\t<div class=\"elementor-widget-container\">\n\t\t\t\t\t<div class=\"woocommerce columns-3 \"><ul class=\"products elementor-grid columns-3\">\n<li class=\"product type-product post-379 status-publish first instock product_cat-panes has-post-thumbnail shipping-taxable purchasable product-type-simple\">\n\t<a href=\"https:\/\/barbarabakery.com\/index.php\/producto\/baguette-de-masa-madre\/\" class=\"woocommerce-LoopProduct-link woocommerce-loop-product__link\"><img decoding=\"async\" width=\"300\" height=\"400\" src=\"https:\/\/barbarabakery.com\/wp-content\/uploads\/2025\/09\/IMG_6383-Medium-300x400.jpeg\" class=\"attachment-woocommerce_thumbnail size-woocommerce_thumbnail\" alt=\"Baguette de Masa Madre\" srcset=\"https:\/\/barbarabakery.com\/wp-content\/uploads\/2025\/09\/IMG_6383-Medium-300x400.jpeg 300w, https:\/\/barbarabakery.com\/wp-content\/uploads\/2025\/09\/IMG_6383-Medium-225x300.jpeg 225w, https:\/\/barbarabakery.com\/wp-content\/uploads\/2025\/09\/IMG_6383-Medium.jpeg 480w\" sizes=\"(max-width: 300px) 100vw, 300px\" \/><h2 class=\"woocommerce-loop-product__title\">Baguette de Masa Madre<\/h2>\n\t<span class=\"price\"><span class=\"woocommerce-Price-amount amount\"><bdi><span class=\"woocommerce-Price-currencySymbol\">&euro;<\/span>2.00<\/bdi><\/span><\/span>\n<\/a><a href=\"\/index.php\/wp-json\/wp\/v2\/pages\/644?add-to-cart=379\" aria-describedby=\"woocommerce_loop_add_to_cart_link_describedby_379\" data-quantity=\"1\" class=\"button product_type_simple add_to_cart_button ajax_add_to_cart\" data-product_id=\"379\" data-product_sku=\"\" aria-label=\"A\u00f1adir al carrito: &ldquo;Baguette de Masa Madre&rdquo;\" rel=\"nofollow\" data-success_message=\"\u00abBaguette de Masa Madre\u00bb se ha a\u00f1adido a tu carrito\" role=\"button\">A\u00f1adir al carrito<\/a>\t<span id=\"woocommerce_loop_add_to_cart_link_describedby_379\" class=\"screen-reader-text\">\n\t\t\t<\/span>\n<\/li>\n<li class=\"product type-product post-376 status-publish instock product_cat-panes has-post-thumbnail shipping-taxable purchasable product-type-simple\">\n\t<a href=\"https:\/\/barbarabakery.com\/index.php\/producto\/pan-de-semillas\/\" class=\"woocommerce-LoopProduct-link woocommerce-loop-product__link\"><img loading=\"lazy\" decoding=\"async\" width=\"300\" height=\"400\" src=\"https:\/\/barbarabakery.com\/wp-content\/uploads\/2025\/08\/IMG_6612-Medium-300x400.jpeg\" class=\"attachment-woocommerce_thumbnail size-woocommerce_thumbnail\" alt=\"Pan de Semillas\" srcset=\"https:\/\/barbarabakery.com\/wp-content\/uploads\/2025\/08\/IMG_6612-Medium-300x400.jpeg 300w, https:\/\/barbarabakery.com\/wp-content\/uploads\/2025\/08\/IMG_6612-Medium-225x300.jpeg 225w, https:\/\/barbarabakery.com\/wp-content\/uploads\/2025\/08\/IMG_6612-Medium.jpeg 480w\" sizes=\"(max-width: 300px) 100vw, 300px\" \/><h2 class=\"woocommerce-loop-product__title\">Pan de Semillas<\/h2>\n\t<span class=\"price\"><span class=\"woocommerce-Price-amount amount\"><bdi><span class=\"woocommerce-Price-currencySymbol\">&euro;<\/span>7.00<\/bdi><\/span><\/span>\n<\/a><a href=\"\/index.php\/wp-json\/wp\/v2\/pages\/644?add-to-cart=376\" aria-describedby=\"woocommerce_loop_add_to_cart_link_describedby_376\" data-quantity=\"1\" class=\"button product_type_simple add_to_cart_button ajax_add_to_cart\" data-product_id=\"376\" data-product_sku=\"\" aria-label=\"A\u00f1adir al carrito: &ldquo;Pan de Semillas&rdquo;\" rel=\"nofollow\" data-success_message=\"\u00abPan de Semillas\u00bb se ha a\u00f1adido a tu carrito\" role=\"button\">A\u00f1adir al carrito<\/a>\t<span id=\"woocommerce_loop_add_to_cart_link_describedby_376\" class=\"screen-reader-text\">\n\t\t\t<\/span>\n<\/li>\n<li class=\"product type-product post-375 status-publish last instock product_cat-panes has-post-thumbnail shipping-taxable purchasable product-type-simple\">\n\t<a href=\"https:\/\/barbarabakery.com\/index.php\/producto\/pan-de-masa-madre\/\" class=\"woocommerce-LoopProduct-link woocommerce-loop-product__link\"><img loading=\"lazy\" decoding=\"async\" width=\"300\" height=\"400\" src=\"https:\/\/barbarabakery.com\/wp-content\/uploads\/2025\/08\/Pan-blanco--300x400.jpeg\" class=\"attachment-woocommerce_thumbnail size-woocommerce_thumbnail\" alt=\"Pan de Masa Madre\" srcset=\"https:\/\/barbarabakery.com\/wp-content\/uploads\/2025\/08\/Pan-blanco--300x400.jpeg 300w, https:\/\/barbarabakery.com\/wp-content\/uploads\/2025\/08\/Pan-blanco--225x300.jpeg 225w, https:\/\/barbarabakery.com\/wp-content\/uploads\/2025\/08\/Pan-blanco--768x1024.jpeg 768w, https:\/\/barbarabakery.com\/wp-content\/uploads\/2025\/08\/Pan-blanco--1152x1536.jpeg 1152w, https:\/\/barbarabakery.com\/wp-content\/uploads\/2025\/08\/Pan-blanco--1536x2048.jpeg 1536w, https:\/\/barbarabakery.com\/wp-content\/uploads\/2025\/08\/Pan-blanco--600x800.jpeg 600w, https:\/\/barbarabakery.com\/wp-content\/uploads\/2025\/08\/Pan-blanco--scaled.jpeg 1920w\" sizes=\"(max-width: 300px) 100vw, 300px\" \/><h2 class=\"woocommerce-loop-product__title\">Pan de Masa Madre<\/h2>\n\t<span class=\"price\"><span class=\"woocommerce-Price-amount amount\"><bdi><span class=\"woocommerce-Price-currencySymbol\">&euro;<\/span>6.00<\/bdi><\/span><\/span>\n<\/a><a href=\"\/index.php\/wp-json\/wp\/v2\/pages\/644?add-to-cart=375\" aria-describedby=\"woocommerce_loop_add_to_cart_link_describedby_375\" data-quantity=\"1\" class=\"button product_type_simple add_to_cart_button ajax_add_to_cart\" data-product_id=\"375\" data-product_sku=\"\" aria-label=\"A\u00f1adir al carrito: &ldquo;Pan de Masa Madre&rdquo;\" rel=\"nofollow\" data-success_message=\"\u00abPan de Masa Madre\u00bb se ha a\u00f1adido a tu carrito\" role=\"button\">A\u00f1adir al carrito<\/a>\t<span id=\"woocommerce_loop_add_to_cart_link_describedby_375\" class=\"screen-reader-text\">\n\t\t\t<\/span>\n<\/li>\n<\/ul>\n<\/div>\t\t\t\t<\/div>\n\t\t\t\t<\/div>\n\t\t\t\t<\/div>\n\t\t<div class=\"elementor-element elementor-element-6e3bd81 e-con-full e-flex e-con e-parent\" data-id=\"6e3bd81\" data-element_type=\"container\" data-e-type=\"container\">\n\t\t\t\t<div class=\"elementor-element elementor-element-d0c2cd5 elementor-align-center elementor-widget elementor-widget-button\" data-id=\"d0c2cd5\" data-element_type=\"widget\" data-e-type=\"widget\" data-widget_type=\"button.default\">\n\t\t\t\t<div class=\"elementor-widget-container\">\n\t\t\t\t\t\t\t\t\t<div class=\"elementor-button-wrapper\">\n\t\t\t\t\t<a class=\"elementor-button elementor-button-link elementor-size-sm elementor-animation-grow\" href=\"https:\/\/barbarabakery.com\/index.php\/shop\/\">\n\t\t\t\t\t\t<span class=\"elementor-button-content-wrapper\">\n\t\t\t\t\t\t\t\t\t<span class=\"elementor-button-text\">PRE ORDER<\/span>\n\t\t\t\t\t<\/span>\n\t\t\t\t\t<\/a>\n\t\t\t\t<\/div>\n\t\t\t\t\t\t\t\t<\/div>\n\t\t\t\t<\/div>\n\t\t<div class=\"elementor-element elementor-element-1d2f158 e-con-full e-flex e-con e-child\" data-id=\"1d2f158\" data-element_type=\"container\" data-e-type=\"container\">\n\t\t\t\t<div class=\"elementor-element elementor-element-ada4b02 elementor-grid-3 elementor-grid-tablet-3 elementor-grid-mobile-2 elementor-products-grid elementor-wc-products elementor-widget elementor-widget-woocommerce-products\" data-id=\"ada4b02\" data-element_type=\"widget\" data-e-type=\"widget\" data-widget_type=\"woocommerce-products.default\">\n\t\t\t\t<div class=\"elementor-widget-container\">\n\t\t\t\t\t<div class=\"woocommerce columns-3 \"><ul class=\"products elementor-grid columns-3\">\n<li class=\"product type-product post-1167 status-publish first instock product_cat-bolleria has-post-thumbnail shipping-taxable purchasable product-type-simple\">\n\t<a href=\"https:\/\/barbarabakery.com\/index.php\/producto\/pain-au-chocolat\/\" class=\"woocommerce-LoopProduct-link woocommerce-loop-product__link\"><img loading=\"lazy\" decoding=\"async\" width=\"300\" height=\"400\" src=\"https:\/\/barbarabakery.com\/wp-content\/uploads\/2025\/10\/IMG_6960-300x400.jpeg\" class=\"attachment-woocommerce_thumbnail size-woocommerce_thumbnail\" alt=\"Pain au chocolat\" srcset=\"https:\/\/barbarabakery.com\/wp-content\/uploads\/2025\/10\/IMG_6960-300x400.jpeg 300w, https:\/\/barbarabakery.com\/wp-content\/uploads\/2025\/10\/IMG_6960-225x300.jpeg 225w, https:\/\/barbarabakery.com\/wp-content\/uploads\/2025\/10\/IMG_6960-768x1024.jpeg 768w, https:\/\/barbarabakery.com\/wp-content\/uploads\/2025\/10\/IMG_6960-1152x1536.jpeg 1152w, https:\/\/barbarabakery.com\/wp-content\/uploads\/2025\/10\/IMG_6960-1536x2048.jpeg 1536w, https:\/\/barbarabakery.com\/wp-content\/uploads\/2025\/10\/IMG_6960-600x800.jpeg 600w, https:\/\/barbarabakery.com\/wp-content\/uploads\/2025\/10\/IMG_6960-scaled.jpeg 1920w\" sizes=\"(max-width: 300px) 100vw, 300px\" \/><h2 class=\"woocommerce-loop-product__title\">Pain au chocolat<\/h2>\n\t<span class=\"price\"><span class=\"woocommerce-Price-amount amount\"><bdi><span class=\"woocommerce-Price-currencySymbol\">&euro;<\/span>3.00<\/bdi><\/span><\/span>\n<\/a><a href=\"\/index.php\/wp-json\/wp\/v2\/pages\/644?add-to-cart=1167\" aria-describedby=\"woocommerce_loop_add_to_cart_link_describedby_1167\" data-quantity=\"1\" class=\"button product_type_simple add_to_cart_button ajax_add_to_cart\" data-product_id=\"1167\" data-product_sku=\"\" aria-label=\"A\u00f1adir al carrito: &ldquo;Pain au chocolat&rdquo;\" rel=\"nofollow\" data-success_message=\"\u00abPain au chocolat\u00bb se ha a\u00f1adido a tu carrito\" role=\"button\">A\u00f1adir al carrito<\/a>\t<span id=\"woocommerce_loop_add_to_cart_link_describedby_1167\" class=\"screen-reader-text\">\n\t\t\t<\/span>\n<\/li>\n<li class=\"product type-product post-767 status-publish instock product_cat-bolleria has-post-thumbnail shipping-taxable purchasable product-type-simple\">\n\t<a href=\"https:\/\/barbarabakery.com\/index.php\/producto\/medialunas\/\" class=\"woocommerce-LoopProduct-link woocommerce-loop-product__link\"><img loading=\"lazy\" decoding=\"async\" width=\"300\" height=\"400\" src=\"https:\/\/barbarabakery.com\/wp-content\/uploads\/2025\/09\/IMG_6425-Medium-300x400.jpeg\" class=\"attachment-woocommerce_thumbnail size-woocommerce_thumbnail\" alt=\"Medialunas\" srcset=\"https:\/\/barbarabakery.com\/wp-content\/uploads\/2025\/09\/IMG_6425-Medium-300x400.jpeg 300w, https:\/\/barbarabakery.com\/wp-content\/uploads\/2025\/09\/IMG_6425-Medium-225x300.jpeg 225w, https:\/\/barbarabakery.com\/wp-content\/uploads\/2025\/09\/IMG_6425-Medium.jpeg 480w\" sizes=\"(max-width: 300px) 100vw, 300px\" \/><h2 class=\"woocommerce-loop-product__title\">Medialunas<\/h2>\n\t<span class=\"price\"><span class=\"woocommerce-Price-amount amount\"><bdi><span class=\"woocommerce-Price-currencySymbol\">&euro;<\/span>2.70<\/bdi><\/span><\/span>\n<\/a><a href=\"\/index.php\/wp-json\/wp\/v2\/pages\/644?add-to-cart=767\" aria-describedby=\"woocommerce_loop_add_to_cart_link_describedby_767\" data-quantity=\"1\" class=\"button product_type_simple add_to_cart_button ajax_add_to_cart\" data-product_id=\"767\" data-product_sku=\"\" aria-label=\"A\u00f1adir al carrito: &ldquo;Medialunas&rdquo;\" rel=\"nofollow\" data-success_message=\"\u00abMedialunas\u00bb se ha a\u00f1adido a tu carrito\" role=\"button\">A\u00f1adir al carrito<\/a>\t<span id=\"woocommerce_loop_add_to_cart_link_describedby_767\" class=\"screen-reader-text\">\n\t\t\t<\/span>\n<\/li>\n<li class=\"product type-product post-474 status-publish last instock product_cat-bolleria has-post-thumbnail shipping-taxable purchasable product-type-simple\">\n\t<a href=\"https:\/\/barbarabakery.com\/index.php\/producto\/babka-de-limon-y-cardamomo\/\" class=\"woocommerce-LoopProduct-link woocommerce-loop-product__link\"><img loading=\"lazy\" decoding=\"async\" width=\"300\" height=\"400\" src=\"https:\/\/barbarabakery.com\/wp-content\/uploads\/2025\/08\/IMG_6569-Medium-300x400.jpeg\" class=\"attachment-woocommerce_thumbnail size-woocommerce_thumbnail\" alt=\"Babka de Lim\u00f3n y Cardamomo\" srcset=\"https:\/\/barbarabakery.com\/wp-content\/uploads\/2025\/08\/IMG_6569-Medium-300x400.jpeg 300w, https:\/\/barbarabakery.com\/wp-content\/uploads\/2025\/08\/IMG_6569-Medium-225x300.jpeg 225w, https:\/\/barbarabakery.com\/wp-content\/uploads\/2025\/08\/IMG_6569-Medium.jpeg 480w\" sizes=\"(max-width: 300px) 100vw, 300px\" \/><h2 class=\"woocommerce-loop-product__title\">Babka de Lim\u00f3n y Cardamomo<\/h2>\n\t<span class=\"price\"><span class=\"woocommerce-Price-amount amount\"><bdi><span class=\"woocommerce-Price-currencySymbol\">&euro;<\/span>5.00<\/bdi><\/span><\/span>\n<\/a><a href=\"\/index.php\/wp-json\/wp\/v2\/pages\/644?add-to-cart=474\" aria-describedby=\"woocommerce_loop_add_to_cart_link_describedby_474\" data-quantity=\"1\" class=\"button product_type_simple add_to_cart_button ajax_add_to_cart\" data-product_id=\"474\" data-product_sku=\"\" aria-label=\"A\u00f1adir al carrito: &ldquo;Babka de Lim\u00f3n y Cardamomo&rdquo;\" rel=\"nofollow\" data-success_message=\"\u00abBabka de Lim\u00f3n y Cardamomo\u00bb se ha a\u00f1adido a tu carrito\" role=\"button\">A\u00f1adir al carrito<\/a>\t<span id=\"woocommerce_loop_add_to_cart_link_describedby_474\" class=\"screen-reader-text\">\n\t\t\t<\/span>\n<\/li>\n<\/ul>\n<\/div>\t\t\t\t<\/div>\n\t\t\t\t<\/div>\n\t\t\t\t<\/div>\n\t\t\t\t<\/div>\n\t\t\t\t<\/div>\n\t\t","protected":false},"excerpt":{"rendered":"<p>Nuestros Productos Haz tu pedido con 24 horas de antelaci\u00f3n,recogida en tienda. M\u00c1S INFO \/ NOSOTROS Nuestra cocina es un viaje en movimiento, Sin men\u00fa fijo, sin l\u00edmites, solo la emoci\u00f3n de crear lo que nos inspira cada temporada. Bienvenidos a nuestra aventura m\u00e1s dulce. BARBARA nos devuelve un momento olvidado: El pan reci\u00e9n horneado [&hellip;]<\/p>\n","protected":false},"author":1,"featured_media":0,"parent":0,"menu_order":0,"comment_status":"closed","ping_status":"closed","template":"","meta":{"footnotes":""},"class_list":["post-644","page","type-page","status-publish","hentry"],"_links":{"self":[{"href":"https:\/\/barbarabakery.com\/index.php\/wp-json\/wp\/v2\/pages\/644","targetHints":{"allow":["GET"]}}],"collection":[{"href":"https:\/\/barbarabakery.com\/index.php\/wp-json\/wp\/v2\/pages"}],"about":[{"href":"https:\/\/barbarabakery.com\/index.php\/wp-json\/wp\/v2\/types\/page"}],"author":[{"embeddable":true,"href":"https:\/\/barbarabakery.com\/index.php\/wp-json\/wp\/v2\/users\/1"}],"replies":[{"embeddable":true,"href":"https:\/\/barbarabakery.com\/index.php\/wp-json\/wp\/v2\/comments?post=644"}],"version-history":[{"count":271,"href":"https:\/\/barbarabakery.com\/index.php\/wp-json\/wp\/v2\/pages\/644\/revisions"}],"predecessor-version":[{"id":1273,"href":"https:\/\/barbarabakery.com\/index.php\/wp-json\/wp\/v2\/pages\/644\/revisions\/1273"}],"wp:attachment":[{"href":"https:\/\/barbarabakery.com\/index.php\/wp-json\/wp\/v2\/media?parent=644"}],"curies":[{"name":"wp","href":"https:\/\/api.w.org\/{rel}","templated":true}]}}