{"id":375,"date":"2025-08-21T18:51:52","date_gmt":"2025-08-21T16:51:52","guid":{"rendered":"https:\/\/barbarabakery.com\/?post_type=product&#038;p=375"},"modified":"2025-10-16T13:54:28","modified_gmt":"2025-10-16T11:54:28","slug":"pan-de-masa-madre","status":"publish","type":"product","link":"https:\/\/barbarabakery.com\/index.php\/producto\/pan-de-masa-madre\/","title":{"rendered":"Pan de Masa Madre"},"content":{"rendered":"<p>Nuestro pan blanco est\u00e1 elaborado con harina semi integral molida a la piedra, harina ecol\u00f3gica y agua filtrada por \u00f3smosis, sal marina y masa madre s\u00f3lida 100% semi integral. Con una hidrataci\u00f3n del 71%, esta hogaza desarrolla un sabor ligeramente \u00e1cido y una miga fresca que se conserva por m\u00e1s tiempo, realzando su car\u00e1cter natural y artesanal.<!-- notionvc: 53e1001c-0dca-4089-83cd-85796fe18666 --><br \/>\n<!-- notionvc: 286c5efa-7968-4c7a-9029-3ffff5572ba0 --><\/p>\n","protected":false},"excerpt":{"rendered":"<p>Nuestro pan blanco est\u00e1 elaborado con harina semi integral molida a la piedra, harina ecol\u00f3gica y agua filtrada por \u00f3smosis, sal marina y masa madre s\u00f3lida 100% semi integral. Con una hidrataci\u00f3n del 71%, esta hogaza desarrolla un sabor ligeramente \u00e1cido y una miga fresca que se conserva por m\u00e1s tiempo, realzando su car\u00e1cter natural [&hellip;]<\/p>\n","protected":false},"featured_media":1148,"comment_status":"open","ping_status":"closed","template":"","meta":[],"product_brand":[],"product_cat":[21],"product_tag":[],"class_list":{"0":"post-375","1":"product","2":"type-product","3":"status-publish","4":"has-post-thumbnail","6":"product_cat-panes","8":"first","9":"instock","10":"shipping-taxable","11":"purchasable","12":"product-type-simple"},"_links":{"self":[{"href":"https:\/\/barbarabakery.com\/index.php\/wp-json\/wp\/v2\/product\/375","targetHints":{"allow":["GET"]}}],"collection":[{"href":"https:\/\/barbarabakery.com\/index.php\/wp-json\/wp\/v2\/product"}],"about":[{"href":"https:\/\/barbarabakery.com\/index.php\/wp-json\/wp\/v2\/types\/product"}],"replies":[{"embeddable":true,"href":"https:\/\/barbarabakery.com\/index.php\/wp-json\/wp\/v2\/comments?post=375"}],"wp:featuredmedia":[{"embeddable":true,"href":"https:\/\/barbarabakery.com\/index.php\/wp-json\/wp\/v2\/media\/1148"}],"wp:attachment":[{"href":"https:\/\/barbarabakery.com\/index.php\/wp-json\/wp\/v2\/media?parent=375"}],"wp:term":[{"taxonomy":"product_brand","embeddable":true,"href":"https:\/\/barbarabakery.com\/index.php\/wp-json\/wp\/v2\/product_brand?post=375"},{"taxonomy":"product_cat","embeddable":true,"href":"https:\/\/barbarabakery.com\/index.php\/wp-json\/wp\/v2\/product_cat?post=375"},{"taxonomy":"product_tag","embeddable":true,"href":"https:\/\/barbarabakery.com\/index.php\/wp-json\/wp\/v2\/product_tag?post=375"}],"curies":[{"name":"wp","href":"https:\/\/api.w.org\/{rel}","templated":true}]}}