{"id":376,"date":"2025-08-21T18:52:54","date_gmt":"2025-08-21T16:52:54","guid":{"rendered":"https:\/\/barbarabakery.com\/?post_type=product&#038;p=376"},"modified":"2025-09-17T14:23:24","modified_gmt":"2025-09-17T12:23:24","slug":"pan-de-semillas","status":"publish","type":"product","link":"https:\/\/barbarabakery.com\/index.php\/producto\/pan-de-semillas\/","title":{"rendered":"Pan de Semillas"},"content":{"rendered":"<p>Nuestro pan blanco est\u00e1 elaborado con harina semi integral molida a la piedra, harina ecol\u00f3gica y agua filtrada por \u00f3smosis, sal marina, masa madre s\u00f3lida 100% semi integral y una cuidada selecci\u00f3n de semillas tostadas e hidratadas a 180\u202f\u00b0C. Con una hidrataci\u00f3n del 71%, esta hogaza desarrolla un sabor ligeramente \u00e1cido y una miga fresca y h\u00fameda que se conserva por m\u00e1s tiempo. Un pan nutritivo, sabroso y naturalmente artesanal.<!-- notionvc: 3fa723f4-1216-42f4-83b9-a7bfc6c8d3d7 --><\/p>\n","protected":false},"excerpt":{"rendered":"<p>Nuestro pan blanco est\u00e1 elaborado con harina semi integral molida a la piedra, harina ecol\u00f3gica y agua filtrada por \u00f3smosis, sal marina, masa madre s\u00f3lida 100% semi integral y una cuidada selecci\u00f3n de semillas tostadas e hidratadas a 180\u202f\u00b0C. Con una hidrataci\u00f3n del 71%, esta hogaza desarrolla un sabor ligeramente \u00e1cido y una miga fresca [&hellip;]<\/p>\n","protected":false},"featured_media":1128,"comment_status":"open","ping_status":"closed","template":"","meta":[],"product_brand":[],"product_cat":[21],"product_tag":[],"class_list":{"0":"post-376","1":"product","2":"type-product","3":"status-publish","4":"has-post-thumbnail","6":"product_cat-panes","8":"first","9":"instock","10":"shipping-taxable","11":"purchasable","12":"product-type-simple"},"_links":{"self":[{"href":"https:\/\/barbarabakery.com\/index.php\/wp-json\/wp\/v2\/product\/376","targetHints":{"allow":["GET"]}}],"collection":[{"href":"https:\/\/barbarabakery.com\/index.php\/wp-json\/wp\/v2\/product"}],"about":[{"href":"https:\/\/barbarabakery.com\/index.php\/wp-json\/wp\/v2\/types\/product"}],"replies":[{"embeddable":true,"href":"https:\/\/barbarabakery.com\/index.php\/wp-json\/wp\/v2\/comments?post=376"}],"wp:featuredmedia":[{"embeddable":true,"href":"https:\/\/barbarabakery.com\/index.php\/wp-json\/wp\/v2\/media\/1128"}],"wp:attachment":[{"href":"https:\/\/barbarabakery.com\/index.php\/wp-json\/wp\/v2\/media?parent=376"}],"wp:term":[{"taxonomy":"product_brand","embeddable":true,"href":"https:\/\/barbarabakery.com\/index.php\/wp-json\/wp\/v2\/product_brand?post=376"},{"taxonomy":"product_cat","embeddable":true,"href":"https:\/\/barbarabakery.com\/index.php\/wp-json\/wp\/v2\/product_cat?post=376"},{"taxonomy":"product_tag","embeddable":true,"href":"https:\/\/barbarabakery.com\/index.php\/wp-json\/wp\/v2\/product_tag?post=376"}],"curies":[{"name":"wp","href":"https:\/\/api.w.org\/{rel}","templated":true}]}}