{"id":379,"date":"2025-08-21T18:56:36","date_gmt":"2025-08-21T16:56:36","guid":{"rendered":"https:\/\/barbarabakery.com\/?post_type=product&#038;p=379"},"modified":"2025-09-11T11:48:51","modified_gmt":"2025-09-11T09:48:51","slug":"baguette-de-masa-madre","status":"publish","type":"product","link":"https:\/\/barbarabakery.com\/index.php\/producto\/baguette-de-masa-madre\/","title":{"rendered":"Baguette de Masa Madre"},"content":{"rendered":"<p>Baguette de Masa Madre Elaborada con harina ecol\u00f3gica de proximidad, masa madre s\u00f3lida, agua de \u00f3smosis y sal marina. De fermentaci\u00f3n lenta, con corteza crujiente y miga ligera: tradici\u00f3n y calidad en cada bocado.<!-- notionvc: c1ebc7c3-6f18-4397-bb7b-d6b190d508bb --><\/p>\n","protected":false},"excerpt":{"rendered":"<p>Baguette de Masa Madre Elaborada con harina ecol\u00f3gica de proximidad, masa madre s\u00f3lida, agua de \u00f3smosis y sal marina. De fermentaci\u00f3n lenta, con corteza crujiente y miga ligera: tradici\u00f3n y calidad en cada bocado.<\/p>\n","protected":false},"featured_media":781,"comment_status":"open","ping_status":"closed","template":"","meta":[],"product_brand":[],"product_cat":[21],"product_tag":[],"class_list":{"0":"post-379","1":"product","2":"type-product","3":"status-publish","4":"has-post-thumbnail","6":"product_cat-panes","8":"first","9":"instock","10":"shipping-taxable","11":"purchasable","12":"product-type-simple"},"_links":{"self":[{"href":"https:\/\/barbarabakery.com\/index.php\/wp-json\/wp\/v2\/product\/379","targetHints":{"allow":["GET"]}}],"collection":[{"href":"https:\/\/barbarabakery.com\/index.php\/wp-json\/wp\/v2\/product"}],"about":[{"href":"https:\/\/barbarabakery.com\/index.php\/wp-json\/wp\/v2\/types\/product"}],"replies":[{"embeddable":true,"href":"https:\/\/barbarabakery.com\/index.php\/wp-json\/wp\/v2\/comments?post=379"}],"wp:featuredmedia":[{"embeddable":true,"href":"https:\/\/barbarabakery.com\/index.php\/wp-json\/wp\/v2\/media\/781"}],"wp:attachment":[{"href":"https:\/\/barbarabakery.com\/index.php\/wp-json\/wp\/v2\/media?parent=379"}],"wp:term":[{"taxonomy":"product_brand","embeddable":true,"href":"https:\/\/barbarabakery.com\/index.php\/wp-json\/wp\/v2\/product_brand?post=379"},{"taxonomy":"product_cat","embeddable":true,"href":"https:\/\/barbarabakery.com\/index.php\/wp-json\/wp\/v2\/product_cat?post=379"},{"taxonomy":"product_tag","embeddable":true,"href":"https:\/\/barbarabakery.com\/index.php\/wp-json\/wp\/v2\/product_tag?post=379"}],"curies":[{"name":"wp","href":"https:\/\/api.w.org\/{rel}","templated":true}]}}