{"id":482,"date":"2025-08-30T16:23:23","date_gmt":"2025-08-30T14:23:23","guid":{"rendered":"https:\/\/barbarabakery.com\/?post_type=product&#038;p=482"},"modified":"2025-10-16T17:04:33","modified_gmt":"2025-10-16T15:04:33","slug":"berenjenas-al-escabeche","status":"publish","type":"product","link":"https:\/\/barbarabakery.com\/index.php\/producto\/berenjenas-al-escabeche\/","title":{"rendered":"Berenjenas al Escabeche"},"content":{"rendered":"<p>Una receta de tradici\u00f3n familiar, hecha con paciencia y cari\u00f1o. Las berenjenas, tiernas y arom\u00e1ticas, se marinan en un escabeche suave que guarda el sabor de lo hecho en casa, como esas preparaciones que pasan de generaci\u00f3n en generaci\u00f3n y se disfrutan alrededor de la mesa.<!-- notionvc: ca524336-d9f8-4945-9d52-f6d259e718e1 --><\/p>\n","protected":false},"excerpt":{"rendered":"<p>Una receta de tradici\u00f3n familiar, hecha con paciencia y cari\u00f1o. Las berenjenas, tiernas y arom\u00e1ticas, se marinan en un escabeche suave que guarda el sabor de lo hecho en casa, como esas preparaciones que pasan de generaci\u00f3n en generaci\u00f3n y se disfrutan alrededor de la mesa.<\/p>\n","protected":false},"featured_media":774,"comment_status":"open","ping_status":"closed","template":"","meta":[],"product_brand":[],"product_cat":[20],"product_tag":[29],"class_list":{"0":"post-482","1":"product","2":"type-product","3":"status-publish","4":"has-post-thumbnail","6":"product_cat-productos","7":"product_tag-no-wholesale","9":"first","10":"instock","11":"shipping-taxable","12":"purchasable","13":"product-type-simple"},"_links":{"self":[{"href":"https:\/\/barbarabakery.com\/index.php\/wp-json\/wp\/v2\/product\/482","targetHints":{"allow":["GET"]}}],"collection":[{"href":"https:\/\/barbarabakery.com\/index.php\/wp-json\/wp\/v2\/product"}],"about":[{"href":"https:\/\/barbarabakery.com\/index.php\/wp-json\/wp\/v2\/types\/product"}],"replies":[{"embeddable":true,"href":"https:\/\/barbarabakery.com\/index.php\/wp-json\/wp\/v2\/comments?post=482"}],"wp:featuredmedia":[{"embeddable":true,"href":"https:\/\/barbarabakery.com\/index.php\/wp-json\/wp\/v2\/media\/774"}],"wp:attachment":[{"href":"https:\/\/barbarabakery.com\/index.php\/wp-json\/wp\/v2\/media?parent=482"}],"wp:term":[{"taxonomy":"product_brand","embeddable":true,"href":"https:\/\/barbarabakery.com\/index.php\/wp-json\/wp\/v2\/product_brand?post=482"},{"taxonomy":"product_cat","embeddable":true,"href":"https:\/\/barbarabakery.com\/index.php\/wp-json\/wp\/v2\/product_cat?post=482"},{"taxonomy":"product_tag","embeddable":true,"href":"https:\/\/barbarabakery.com\/index.php\/wp-json\/wp\/v2\/product_tag?post=482"}],"curies":[{"name":"wp","href":"https:\/\/api.w.org\/{rel}","templated":true}]}}